{"id":3,"date":"2025-10-27T14:44:29","date_gmt":"2025-10-27T14:44:29","guid":{"rendered":"http:\/\/lojaschristofer.com.br\/?page_id=3"},"modified":"2025-10-30T10:04:27","modified_gmt":"2025-10-30T13:04:27","slug":"privacy-policy","status":"publish","type":"page","link":"https:\/\/lojaschristofer.com.br\/?page_id=3","title":{"rendered":"Pol\u00edticas de Privacidade"},"content":{"rendered":"\t\t<div data-elementor-type=\"wp-page\" data-elementor-id=\"3\" class=\"elementor elementor-3\" data-elementor-post-type=\"page\">\n\t\t\t\t<div class=\"elementor-element elementor-element-327a0270 e-flex e-con-boxed e-con e-parent\" data-id=\"327a0270\" data-element_type=\"container\" data-settings=\"{&quot;background_background&quot;:&quot;classic&quot;}\">\n\t\t\t\t\t<div class=\"e-con-inner\">\n\t\t\t\t<div class=\"elementor-element elementor-element-8f05d44 elementor-widget elementor-widget-text-editor\" data-id=\"8f05d44\" data-element_type=\"widget\" data-widget_type=\"text-editor.default\">\n\t\t\t\t<div class=\"elementor-widget-container\">\n\t\t\t\t\t\t\t\t\t<h1 data-start=\"299\" data-end=\"330\"><strong data-start=\"301\" data-end=\"328\">Pol\u00edtica de Privacidade<\/strong><\/h1>\n<p data-start=\"331\" data-end=\"357\"><a class=\"decorated-link\" href=\"http:\/\/www.lojaschristofer.com.br\" target=\"_new\" rel=\"noopener\" data-start=\"331\" data-end=\"357\">www.lojaschristofer.com.br<\/a><\/p>\n<h2 data-start=\"359\" data-end=\"381\"><strong data-start=\"362\" data-end=\"379\">1. Introdu\u00e7\u00e3o<\/strong><\/h2>\n<p data-start=\"382\" data-end=\"765\">A <strong data-start=\"384\" data-end=\"404\">Lojas Christofer<\/strong> valoriza a privacidade e a seguran\u00e7a dos dados pessoais de seus clientes, visitantes e usu\u00e1rios.<br data-start=\"501\" data-end=\"504\" \/>Esta Pol\u00edtica de Privacidade explica como coletamos, usamos, armazenamos e protegemos as informa\u00e7\u00f5es pessoais obtidas por meio do site <strong data-start=\"639\" data-end=\"669\"><a class=\"decorated-link\" href=\"http:\/\/www.lojaschristofer.com.br\" target=\"_new\" rel=\"noopener\" data-start=\"641\" data-end=\"667\">www.lojaschristofer.com.br<\/a><\/strong>, em conformidade com a <strong data-start=\"693\" data-end=\"764\">Lei Geral de Prote\u00e7\u00e3o de Dados Pessoais (LGPD \u2013 Lei n\u00ba 13.709\/2018)<\/strong>.<\/p>\n<p data-start=\"767\" data-end=\"857\">Ao acessar ou utilizar nosso site, voc\u00ea concorda com as pr\u00e1ticas descritas nesta pol\u00edtica.<\/p>\n<hr data-start=\"859\" data-end=\"862\" \/>\n<h2 data-start=\"864\" data-end=\"893\"><strong data-start=\"867\" data-end=\"893\">2. Dados que Coletamos<\/strong><\/h2>\n<p data-start=\"895\" data-end=\"1018\">Coletamos informa\u00e7\u00f5es pessoais de forma transparente e apenas quando necess\u00e1rio para o funcionamento dos nossos servi\u00e7os.<\/p>\n<h3 data-start=\"1020\" data-end=\"1062\"><strong data-start=\"1024\" data-end=\"1062\">2.1. Dados fornecidos pelo usu\u00e1rio<\/strong><\/h3>\n<ul data-start=\"1063\" data-end=\"1357\">\n<li data-start=\"1063\" data-end=\"1081\">\n<p data-start=\"1065\" data-end=\"1081\">Nome completo;<\/p>\n<\/li>\n<li data-start=\"1082\" data-end=\"1146\">\n<p data-start=\"1084\" data-end=\"1146\">CPF ou CNPJ (quando necess\u00e1rio para emiss\u00e3o de nota fiscal);<\/p>\n<\/li>\n<li data-start=\"1147\" data-end=\"1198\">\n<p data-start=\"1149\" data-end=\"1198\">Endere\u00e7o completo (para entrega e faturamento);<\/p>\n<\/li>\n<li data-start=\"1199\" data-end=\"1232\">\n<p data-start=\"1201\" data-end=\"1232\">E-mail e telefone de contato;<\/p>\n<\/li>\n<li data-start=\"1233\" data-end=\"1357\">\n<p data-start=\"1235\" data-end=\"1357\">Dados de pagamento (intermediados de forma segura via plataformas como Mercado Pago, PagSeguro, Pix ou cart\u00e3o de cr\u00e9dito).<\/p>\n<\/li>\n<\/ul>\n<h3 data-start=\"1359\" data-end=\"1403\"><strong data-start=\"1363\" data-end=\"1403\">2.2. Dados coletados automaticamente<\/strong><\/h3>\n<ul data-start=\"1404\" data-end=\"1586\">\n<li data-start=\"1404\" data-end=\"1452\">\n<p data-start=\"1406\" data-end=\"1452\">Endere\u00e7o IP e tipo de dispositivo utilizado;<\/p>\n<\/li>\n<li data-start=\"1453\" data-end=\"1522\">\n<p data-start=\"1455\" data-end=\"1522\">Dados de navega\u00e7\u00e3o, cookies, tempo de visita e p\u00e1ginas acessadas;<\/p>\n<\/li>\n<li data-start=\"1523\" data-end=\"1586\">\n<p data-start=\"1525\" data-end=\"1586\">Dados de geolocaliza\u00e7\u00e3o (quando autorizado pelo navegador).<\/p>\n<\/li>\n<\/ul>\n<p data-start=\"1588\" data-end=\"1697\">Essas informa\u00e7\u00f5es s\u00e3o coletadas para melhorar a experi\u00eancia do usu\u00e1rio e personalizar ofertas e comunica\u00e7\u00f5es.<\/p>\n<hr data-start=\"1699\" data-end=\"1702\" \/>\n<h2 data-start=\"1704\" data-end=\"1741\"><strong data-start=\"1707\" data-end=\"1741\">3. Finalidade do Uso dos Dados<\/strong><\/h2>\n<p data-start=\"1743\" data-end=\"1822\">A <strong data-start=\"1745\" data-end=\"1765\">Lojas Christofer<\/strong> utiliza os dados pessoais para as seguintes finalidades:<\/p>\n<ol data-start=\"1824\" data-end=\"2278\">\n<li data-start=\"1824\" data-end=\"1891\">\n<p data-start=\"1827\" data-end=\"1891\"><strong data-start=\"1827\" data-end=\"1855\">Processamento de pedidos<\/strong> e entrega de produtos adquiridos;<\/p>\n<\/li>\n<li data-start=\"1892\" data-end=\"1961\">\n<p data-start=\"1895\" data-end=\"1961\"><strong data-start=\"1895\" data-end=\"1958\">Emiss\u00e3o de notas fiscais e cumprimento de obriga\u00e7\u00f5es legais<\/strong>;<\/p>\n<\/li>\n<li data-start=\"1962\" data-end=\"2053\">\n<p data-start=\"1965\" data-end=\"2053\"><strong data-start=\"1965\" data-end=\"1994\">Comunica\u00e7\u00e3o com o cliente<\/strong>, incluindo suporte, atualiza\u00e7\u00f5es de pedidos e promo\u00e7\u00f5es;<\/p>\n<\/li>\n<li data-start=\"2054\" data-end=\"2129\">\n<p data-start=\"2057\" data-end=\"2129\"><strong data-start=\"2057\" data-end=\"2097\">Melhoria da experi\u00eancia de navega\u00e7\u00e3o<\/strong> e personaliza\u00e7\u00e3o de conte\u00fado;<\/p>\n<\/li>\n<li data-start=\"2130\" data-end=\"2216\">\n<p data-start=\"2133\" data-end=\"2216\"><strong data-start=\"2133\" data-end=\"2178\">Envio de e-mails e mensagens promocionais<\/strong>, mediante consentimento do titular;<\/p>\n<\/li>\n<li data-start=\"2217\" data-end=\"2278\">\n<p data-start=\"2220\" data-end=\"2278\"><strong data-start=\"2220\" data-end=\"2277\">Preven\u00e7\u00e3o de fraudes, seguran\u00e7a e controle de acessos<\/strong>.<\/p>\n<\/li>\n<\/ol>\n<p data-start=\"2280\" data-end=\"2347\">Em hip\u00f3tese alguma vendemos ou alugamos dados pessoais a terceiros.<\/p>\n<hr data-start=\"2349\" data-end=\"2352\" \/>\n<h2 data-start=\"2354\" data-end=\"2389\"><strong data-start=\"2357\" data-end=\"2389\">4. Compartilhamento de Dados<\/strong><\/h2>\n<p data-start=\"2391\" data-end=\"2576\">Os dados pessoais podem ser compartilhados <strong data-start=\"2434\" data-end=\"2445\">somente<\/strong> com parceiros e prestadores de servi\u00e7o que atuam em nome da Lojas Christofer, sempre em conformidade com esta Pol\u00edtica, tais como:<\/p>\n<ul data-start=\"2578\" data-end=\"2907\">\n<li data-start=\"2578\" data-end=\"2643\">\n<p data-start=\"2580\" data-end=\"2643\"><strong data-start=\"2580\" data-end=\"2608\">Plataformas de pagamento<\/strong> (Mercado Pago, PagSeguro, etc.);<\/p>\n<\/li>\n<li data-start=\"2644\" data-end=\"2718\">\n<p data-start=\"2646\" data-end=\"2718\"><strong data-start=\"2646\" data-end=\"2681\">Servi\u00e7os de entrega e log\u00edstica<\/strong> (Correios, transportadoras, etc.);<\/p>\n<\/li>\n<li data-start=\"2719\" data-end=\"2770\">\n<p data-start=\"2721\" data-end=\"2770\"><strong data-start=\"2721\" data-end=\"2759\">Servi\u00e7os de hospedagem e seguran\u00e7a<\/strong> do site;<\/p>\n<\/li>\n<li data-start=\"2771\" data-end=\"2907\">\n<p data-start=\"2773\" data-end=\"2907\"><strong data-start=\"2773\" data-end=\"2801\">Plataformas de marketing<\/strong> e ferramentas de an\u00e1lise (Meta Ads, Google Analytics, etc.), sempre de forma anonimizada quando poss\u00edvel.<\/p>\n<\/li>\n<\/ul>\n<p data-start=\"2909\" data-end=\"3027\">Todos os parceiros s\u00e3o contratualmente obrigados a proteger os dados e us\u00e1-los apenas para as finalidades contratadas.<\/p>\n<hr data-start=\"3029\" data-end=\"3032\" \/>\n<h2 data-start=\"3034\" data-end=\"3079\"><strong data-start=\"3037\" data-end=\"3079\">5. Armazenamento e Seguran\u00e7a dos Dados<\/strong><\/h2>\n<p data-start=\"3081\" data-end=\"3259\">Os dados s\u00e3o armazenados em servidores seguros e protegidos por medidas t\u00e9cnicas e administrativas adequadas para evitar perda, uso indevido, acesso n\u00e3o autorizado ou destrui\u00e7\u00e3o.<\/p>\n<p data-start=\"3261\" data-end=\"3272\">Utilizamos:<\/p>\n<ul data-start=\"3273\" data-end=\"3406\">\n<li data-start=\"3273\" data-end=\"3315\">\n<p data-start=\"3275\" data-end=\"3315\">Conex\u00e3o <strong data-start=\"3283\" data-end=\"3312\">SSL (Secure Socket Layer)<\/strong>;<\/p>\n<\/li>\n<li data-start=\"3316\" data-end=\"3365\">\n<p data-start=\"3318\" data-end=\"3365\"><strong data-start=\"3318\" data-end=\"3340\">Controle de acesso<\/strong> e autentica\u00e7\u00e3o segura;<\/p>\n<\/li>\n<li data-start=\"3366\" data-end=\"3406\">\n<p data-start=\"3368\" data-end=\"3406\"><strong data-start=\"3368\" data-end=\"3405\">Monitoramento e backups regulares<\/strong>.<\/p>\n<\/li>\n<\/ul>\n<p data-start=\"3408\" data-end=\"3534\">Os dados pessoais s\u00e3o mantidos apenas pelo tempo necess\u00e1rio para cumprir as finalidades descritas ou conforme exigido por lei.<\/p>\n<hr data-start=\"3536\" data-end=\"3539\" \/>\n<h2 data-start=\"3541\" data-end=\"3580\"><strong data-start=\"3544\" data-end=\"3580\">6. Direitos do Titular dos Dados<\/strong><\/h2>\n<p data-start=\"3582\" data-end=\"3644\">Em conformidade com a LGPD, o titular dos dados tem direito a:<\/p>\n<ul data-start=\"3646\" data-end=\"3939\">\n<li data-start=\"3646\" data-end=\"3692\">\n<p data-start=\"3648\" data-end=\"3692\">Confirmar se tratamos seus dados pessoais;<\/p>\n<\/li>\n<li data-start=\"3693\" data-end=\"3739\">\n<p data-start=\"3695\" data-end=\"3739\">Acessar, corrigir ou atualizar seus dados;<\/p>\n<\/li>\n<li data-start=\"3740\" data-end=\"3789\">\n<p data-start=\"3742\" data-end=\"3789\">Solicitar anonimiza\u00e7\u00e3o, bloqueio ou exclus\u00e3o;<\/p>\n<\/li>\n<li data-start=\"3790\" data-end=\"3840\">\n<p data-start=\"3792\" data-end=\"3840\">Revogar consentimentos previamente concedidos;<\/p>\n<\/li>\n<li data-start=\"3841\" data-end=\"3879\">\n<p data-start=\"3843\" data-end=\"3879\">Solicitar portabilidade dos dados;<\/p>\n<\/li>\n<li data-start=\"3880\" data-end=\"3939\">\n<p data-start=\"3882\" data-end=\"3939\">Obter informa\u00e7\u00f5es sobre o compartilhamento de seus dados.<\/p>\n<\/li>\n<\/ul>\n<p data-start=\"3941\" data-end=\"4056\">Esses direitos podem ser exercidos entrando em contato pelo e-mail oficial:<br data-start=\"4016\" data-end=\"4019\" \/>\ud83d\udce7 <strong data-start=\"4022\" data-end=\"4056\"><a class=\"decorated-link cursor-pointer\" rel=\"noopener\" data-start=\"4024\" data-end=\"4054\">contato@lojaschristofer.com.br<\/a><\/strong><\/p>\n<hr data-start=\"4058\" data-end=\"4061\" \/>\n<h2 data-start=\"4063\" data-end=\"4110\"><strong data-start=\"4066\" data-end=\"4110\">7. Cookies e Tecnologias de Rastreamento<\/strong><\/h2>\n<p data-start=\"4112\" data-end=\"4382\">Utilizamos cookies para melhorar a experi\u00eancia de navega\u00e7\u00e3o, entender prefer\u00eancias e oferecer conte\u00fado personalizado.<br data-start=\"4229\" data-end=\"4232\" \/>O usu\u00e1rio pode gerenciar ou desativar cookies diretamente nas configura\u00e7\u00f5es do navegador, por\u00e9m algumas funcionalidades do site podem ficar limitadas.<\/p>\n<hr data-start=\"4384\" data-end=\"4387\" \/>\n<h2 data-start=\"4389\" data-end=\"4430\"><strong data-start=\"4392\" data-end=\"4430\">8. Envio de Comunica\u00e7\u00f5es e E-mails<\/strong><\/h2>\n<p data-start=\"4432\" data-end=\"4715\">Com o consentimento do usu\u00e1rio, poderemos enviar comunica\u00e7\u00f5es com promo\u00e7\u00f5es, lan\u00e7amentos e atualiza\u00e7\u00f5es.<br data-start=\"4536\" data-end=\"4539\" \/>O usu\u00e1rio poder\u00e1 cancelar o recebimento dessas mensagens a qualquer momento clicando no link <strong data-start=\"4632\" data-end=\"4656\">\u201cCancelar inscri\u00e7\u00e3o\u201d<\/strong> presente no e-mail ou solicitando diretamente via suporte.<\/p>\n<hr data-start=\"4717\" data-end=\"4720\" \/>\n<h2 data-start=\"4722\" data-end=\"4746\"><strong data-start=\"4725\" data-end=\"4746\">9. Links Externos<\/strong><\/h2>\n<p data-start=\"4748\" data-end=\"5014\">Nosso site pode conter links para p\u00e1ginas externas. A Lojas Christofer n\u00e3o se responsabiliza por pol\u00edticas de privacidade de sites de terceiros.<br data-start=\"4892\" data-end=\"4895\" \/>Recomendamos que o usu\u00e1rio leia as pol\u00edticas de privacidade desses sites antes de fornecer qualquer informa\u00e7\u00e3o pessoal.<\/p>\n<hr data-start=\"5016\" data-end=\"5019\" \/>\n<h2 data-start=\"5021\" data-end=\"5057\"><strong data-start=\"5024\" data-end=\"5057\">10. Altera\u00e7\u00f5es nesta Pol\u00edtica<\/strong><\/h2>\n<p data-start=\"5059\" data-end=\"5298\">Esta Pol\u00edtica de Privacidade pode ser atualizada periodicamente.<br data-start=\"5123\" data-end=\"5126\" \/>As altera\u00e7\u00f5es entrar\u00e3o em vigor na data de sua publica\u00e7\u00e3o no site <strong data-start=\"5192\" data-end=\"5222\"><a class=\"decorated-link\" href=\"http:\/\/www.lojaschristofer.com.br\" target=\"_new\" rel=\"noopener\" data-start=\"5194\" data-end=\"5220\">www.lojaschristofer.com.br<\/a><\/strong>.<br data-start=\"5223\" data-end=\"5226\" \/>Recomendamos a leitura regular desta p\u00e1gina para estar sempre informado.<\/p>\n<hr data-start=\"5300\" data-end=\"5303\" \/>\n<h2 data-start=\"5305\" data-end=\"5323\"><strong data-start=\"5308\" data-end=\"5323\">11. Contato<\/strong><\/h2>\n<p data-start=\"5325\" data-end=\"5474\">Para d\u00favidas, solicita\u00e7\u00f5es ou reclama\u00e7\u00f5es relacionadas \u00e0 privacidade de dados, entre em contato com nosso <strong data-start=\"5431\" data-end=\"5473\">Encarregado de Prote\u00e7\u00e3o de Dados (DPO)<\/strong>:<\/p>\n<p data-start=\"5476\" data-end=\"5595\"><strong data-start=\"5476\" data-end=\"5525\">Lojas Christofer \u2013 Encarregado de Dados (DPO)<\/strong><br data-start=\"5525\" data-end=\"5528\" \/>\ud83d\udce7 <a class=\"decorated-link cursor-pointer\" rel=\"noopener\" data-start=\"5531\" data-end=\"5561\">contato@lojaschristofer.com.br<\/a><br data-start=\"5561\" data-end=\"5564\" \/>\ud83c\udf10 <a class=\"decorated-link\" href=\"http:\/\/www.lojaschristofer.com.br\" target=\"_new\" rel=\"noopener\" data-start=\"5567\" data-end=\"5593\">www.lojaschristofer.com.br<\/a><\/p>\t\t\t\t\t\t\t\t<\/div>\n\t\t\t\t<\/div>\n\t\t\t\t\t<\/div>\n\t\t\t\t<\/div>\n\t\t\t\t<\/div>\n\t\t","protected":false},"excerpt":{"rendered":"<p>Pol\u00edtica de Privacidade www.lojaschristofer.com.br 1. Introdu\u00e7\u00e3o A Lojas Christofer valoriza a privacidade e a seguran\u00e7a dos dados pessoais de seus clientes, visitantes e usu\u00e1rios.Esta Pol\u00edtica de Privacidade explica como coletamos, usamos, armazenamos e protegemos as informa\u00e7\u00f5es pessoais obtidas por meio do site www.lojaschristofer.com.br, em conformidade com a Lei Geral de Prote\u00e7\u00e3o de Dados Pessoais (LGPD [&hellip;]<\/p>\n","protected":false},"author":1,"featured_media":0,"parent":0,"menu_order":0,"comment_status":"closed","ping_status":"open","template":"elementor_header_footer","meta":{"footnotes":""},"class_list":["post-3","page","type-page","status-publish","hentry"],"_links":{"self":[{"href":"https:\/\/lojaschristofer.com.br\/index.php?rest_route=\/wp\/v2\/pages\/3","targetHints":{"allow":["GET"]}}],"collection":[{"href":"https:\/\/lojaschristofer.com.br\/index.php?rest_route=\/wp\/v2\/pages"}],"about":[{"href":"https:\/\/lojaschristofer.com.br\/index.php?rest_route=\/wp\/v2\/types\/page"}],"author":[{"embeddable":true,"href":"https:\/\/lojaschristofer.com.br\/index.php?rest_route=\/wp\/v2\/users\/1"}],"replies":[{"embeddable":true,"href":"https:\/\/lojaschristofer.com.br\/index.php?rest_route=%2Fwp%2Fv2%2Fcomments&post=3"}],"version-history":[{"count":14,"href":"https:\/\/lojaschristofer.com.br\/index.php?rest_route=\/wp\/v2\/pages\/3\/revisions"}],"predecessor-version":[{"id":3788,"href":"https:\/\/lojaschristofer.com.br\/index.php?rest_route=\/wp\/v2\/pages\/3\/revisions\/3788"}],"wp:attachment":[{"href":"https:\/\/lojaschristofer.com.br\/index.php?rest_route=%2Fwp%2Fv2%2Fmedia&parent=3"}],"curies":[{"name":"wp","href":"https:\/\/api.w.org\/{rel}","templated":true}]}}