{"id":3315,"date":"2025-10-27T12:57:20","date_gmt":"2025-10-27T15:57:20","guid":{"rendered":"https:\/\/lojaschristofer.com.br\/carrinho\/"},"modified":"2025-10-30T08:51:51","modified_gmt":"2025-10-30T11:51:51","slug":"carrinho","status":"publish","type":"page","link":"https:\/\/lojaschristofer.com.br\/?page_id=3315","title":{"rendered":"Carrinho"},"content":{"rendered":"\t\t<div data-elementor-type=\"wp-page\" data-elementor-id=\"3315\" class=\"elementor elementor-3315\" data-elementor-post-type=\"page\">\n\t\t\t\t<div class=\"elementor-element elementor-element-8354a2b e-flex e-con-boxed e-con e-parent\" data-id=\"8354a2b\" data-element_type=\"container\">\n\t\t\t\t\t<div class=\"e-con-inner\">\n\t\t\t\t<div class=\"elementor-element elementor-element-d49ff47 elementor-widget-mobile__width-initial e-cart-layout-two-column elementor-widget elementor-widget-woocommerce-cart\" data-id=\"d49ff47\" data-element_type=\"widget\" data-settings=\"{&quot;update_cart_automatically&quot;:&quot;yes&quot;}\" data-widget_type=\"woocommerce-cart.default\">\n\t\t\t\t<div class=\"elementor-widget-container\">\n\t\t\t\t\t<div class=\"woocommerce\"><div class=\"woocommerce-notices-wrapper\"><\/div><div class=\"wc-empty-cart-message\">\n\t<div class=\"cart-empty woocommerce-info\" role=\"status\">\n\t\tSeu carrinho est\u00e1 vazio.\t<\/div>\n<\/div>\t<p class=\"return-to-shop\">\n\t\t<a class=\"button wc-backward\" href=\"https:\/\/lojaschristofer.com.br\/?page_id=3314\">\n\t\t\tRetornar para a loja\t\t<\/a>\n\t<\/p>\n<\/div>\t\t\t\t<\/div>\n\t\t\t\t<\/div>\n\t\t\t\t\t<\/div>\n\t\t\t\t<\/div>\n\t\t\t\t<\/div>\n\t\t","protected":false},"excerpt":{"rendered":"<p>Remover item Imagem de miniatura Produto Pre\u00e7o Quantidade Subtotal &times; Gr\u00e3os Kefir de Leite &#82;&#36;&nbsp;39,99 Gr\u00e3os Kefir de Leite quantidade &#82;&#36;&nbsp;39,99 Carrinho Total Subtotal &#82;&#36;&nbsp;39,99 Entrega Jadlog Package (Melhor Envio) (5 a 6 dias \u00fateis): &#82;&#36;&nbsp;13,58 Correios Sedex (Melhor Envio) (1 a 2 dias \u00fateis): &#82;&#36;&nbsp;14,92 Entrega para Rua Coronel Ant\u00f4nio da Silva, Caratinga, Minas [&hellip;]<\/p>\n","protected":false},"author":1,"featured_media":0,"parent":0,"menu_order":0,"comment_status":"closed","ping_status":"closed","template":"elementor_header_footer","meta":{"footnotes":""},"class_list":["post-3315","page","type-page","status-publish","hentry"],"_links":{"self":[{"href":"https:\/\/lojaschristofer.com.br\/index.php?rest_route=\/wp\/v2\/pages\/3315","targetHints":{"allow":["GET"]}}],"collection":[{"href":"https:\/\/lojaschristofer.com.br\/index.php?rest_route=\/wp\/v2\/pages"}],"about":[{"href":"https:\/\/lojaschristofer.com.br\/index.php?rest_route=\/wp\/v2\/types\/page"}],"author":[{"embeddable":true,"href":"https:\/\/lojaschristofer.com.br\/index.php?rest_route=\/wp\/v2\/users\/1"}],"replies":[{"embeddable":true,"href":"https:\/\/lojaschristofer.com.br\/index.php?rest_route=%2Fwp%2Fv2%2Fcomments&post=3315"}],"version-history":[{"count":28,"href":"https:\/\/lojaschristofer.com.br\/index.php?rest_route=\/wp\/v2\/pages\/3315\/revisions"}],"predecessor-version":[{"id":3736,"href":"https:\/\/lojaschristofer.com.br\/index.php?rest_route=\/wp\/v2\/pages\/3315\/revisions\/3736"}],"wp:attachment":[{"href":"https:\/\/lojaschristofer.com.br\/index.php?rest_route=%2Fwp%2Fv2%2Fmedia&parent=3315"}],"curies":[{"name":"wp","href":"https:\/\/api.w.org\/{rel}","templated":true}]}}